{"id":129,"date":"2017-06-27T14:29:58","date_gmt":"2017-06-27T12:29:58","guid":{"rendered":"http:\/\/www.swissdiscgolf.ch\/walk\/walk17\/?page_id=129"},"modified":"2023-05-03T10:43:34","modified_gmt":"2023-05-03T08:43:34","slug":"vorstand","status":"publish","type":"page","link":"https:\/\/www.discgolfbern.ch\/index.php\/vorstand\/","title":{"rendered":"Vorstand"},"content":{"rendered":"<div id=\"pl-129\" class=\"panel-layout\">\n<div id=\"pg-129-0\" class=\"panel-grid panel-no-style\" data-style=\"{&quot;background_display&quot;:&quot;tile&quot;,&quot;cell_alignment&quot;:&quot;flex-start&quot;}\">\n<div id=\"pgc-129-0-1\" class=\"panel-grid-cell\" data-weight=\"0.2\">\n<div id=\"panel-129-0-1-0\" class=\"so-panel widget widget_sow-editor panel-first-child panel-last-child\" data-index=\"1\" data-style=\"{&quot;background_display&quot;:&quot;tile&quot;}\">\n<div class=\"so-widget-sow-editor so-widget-sow-editor-base\">\n<div class=\"siteorigin-widget-tinymce textwidget\">\n<p><span style=\"font-family: helvetica, arial, sans-serif;\"><strong><img loading=\"lazy\" decoding=\"async\" class=\"wp-image-2360 alignnone\" src=\"https:\/\/www.discgolfbern.ch\/walk\/walk17\/wp-content\/uploads\/2022\/03\/Pete-1.jpg\" alt=\"\" width=\"200\" height=\"200\" srcset=\"https:\/\/www.discgolfbern.ch\/walk\/walk17\/wp-content\/uploads\/2022\/03\/Pete-1.jpg 1688w, https:\/\/www.discgolfbern.ch\/walk\/walk17\/wp-content\/uploads\/2022\/03\/Pete-1-300x300.jpg 300w, https:\/\/www.discgolfbern.ch\/walk\/walk17\/wp-content\/uploads\/2022\/03\/Pete-1-1024x1024.jpg 1024w, https:\/\/www.discgolfbern.ch\/walk\/walk17\/wp-content\/uploads\/2022\/03\/Pete-1-150x150.jpg 150w, https:\/\/www.discgolfbern.ch\/walk\/walk17\/wp-content\/uploads\/2022\/03\/Pete-1-768x768.jpg 768w, https:\/\/www.discgolfbern.ch\/walk\/walk17\/wp-content\/uploads\/2022\/03\/Pete-1-1536x1536.jpg 1536w\" sizes=\"(max-width: 200px) 100vw, 200px\" \/><br \/>\n<\/strong><\/span><span style=\"font-family: helvetica, arial, sans-serif;\"><strong>Pr\u00e4sident und Parcoursverantwortung<br \/>\n<\/strong><\/span><span style=\"font-family: helvetica, arial, sans-serif;\">Peter Leuenberger<\/span><\/p>\n<p><span style=\"font-family: helvetica, arial, sans-serif;\"><strong><img loading=\"lazy\" decoding=\"async\" class=\"wp-image-2358 alignnone\" src=\"https:\/\/www.discgolfbern.ch\/walk\/walk17\/wp-content\/uploads\/2022\/03\/Lueku-1.jpg\" alt=\"\" width=\"200\" height=\"200\" srcset=\"https:\/\/www.discgolfbern.ch\/walk\/walk17\/wp-content\/uploads\/2022\/03\/Lueku-1.jpg 742w, https:\/\/www.discgolfbern.ch\/walk\/walk17\/wp-content\/uploads\/2022\/03\/Lueku-1-300x300.jpg 300w, https:\/\/www.discgolfbern.ch\/walk\/walk17\/wp-content\/uploads\/2022\/03\/Lueku-1-150x150.jpg 150w\" sizes=\"(max-width: 200px) 100vw, 200px\" \/><br \/>\nsportliche Entwicklung<br \/>\n<\/strong>Lukas Sch\u00e4r<\/span><\/p>\n<p><span style=\"font-family: helvetica, arial, sans-serif;\"><strong><img loading=\"lazy\" decoding=\"async\" class=\"wp-image-2359 alignnone\" src=\"https:\/\/www.discgolfbern.ch\/walk\/walk17\/wp-content\/uploads\/2022\/03\/Menamena-1-scaled.jpg\" alt=\"\" width=\"200\" height=\"200\" srcset=\"https:\/\/www.discgolfbern.ch\/walk\/walk17\/wp-content\/uploads\/2022\/03\/Menamena-1-scaled.jpg 2560w, https:\/\/www.discgolfbern.ch\/walk\/walk17\/wp-content\/uploads\/2022\/03\/Menamena-1-300x300.jpg 300w, https:\/\/www.discgolfbern.ch\/walk\/walk17\/wp-content\/uploads\/2022\/03\/Menamena-1-1024x1024.jpg 1024w, https:\/\/www.discgolfbern.ch\/walk\/walk17\/wp-content\/uploads\/2022\/03\/Menamena-1-150x150.jpg 150w, https:\/\/www.discgolfbern.ch\/walk\/walk17\/wp-content\/uploads\/2022\/03\/Menamena-1-768x768.jpg 768w, https:\/\/www.discgolfbern.ch\/walk\/walk17\/wp-content\/uploads\/2022\/03\/Menamena-1-1536x1536.jpg 1536w, https:\/\/www.discgolfbern.ch\/walk\/walk17\/wp-content\/uploads\/2022\/03\/Menamena-1-2048x2048.jpg 2048w\" sizes=\"(max-width: 200px) 100vw, 200px\" \/><\/strong><\/span><span style=\"font-family: helvetica, arial, sans-serif;\"><strong><br \/>\nKommunikation<\/strong><\/span><span style=\"font-family: helvetica, arial, sans-serif;\"><br \/>\nMena Leuenberger<\/span><\/p>\n<p><span style=\"font-family: helvetica, arial, sans-serif;\"><strong><img loading=\"lazy\" decoding=\"async\" class=\"wp-image-2362 alignnone\" src=\"https:\/\/www.discgolfbern.ch\/walk\/walk17\/wp-content\/uploads\/2022\/03\/Tinu.jpg\" alt=\"\" width=\"200\" height=\"200\" srcset=\"https:\/\/www.discgolfbern.ch\/walk\/walk17\/wp-content\/uploads\/2022\/03\/Tinu.jpg 1258w, https:\/\/www.discgolfbern.ch\/walk\/walk17\/wp-content\/uploads\/2022\/03\/Tinu-300x300.jpg 300w, https:\/\/www.discgolfbern.ch\/walk\/walk17\/wp-content\/uploads\/2022\/03\/Tinu-1024x1024.jpg 1024w, https:\/\/www.discgolfbern.ch\/walk\/walk17\/wp-content\/uploads\/2022\/03\/Tinu-150x150.jpg 150w, https:\/\/www.discgolfbern.ch\/walk\/walk17\/wp-content\/uploads\/2022\/03\/Tinu-768x767.jpg 768w\" sizes=\"(max-width: 200px) 100vw, 200px\" \/><\/strong><\/span><br \/>\n<span style=\"font-family: helvetica, arial, sans-serif;\"><strong>Kasse und Mitgliederverwaltung<\/strong><\/span><br \/>\n<span style=\"font-family: helvetica, arial, sans-serif;\">Tinu Sch\u00e4r<\/span><\/p>\n<p><span style=\"font-family: helvetica, arial, sans-serif;\"><strong><img loading=\"lazy\" decoding=\"async\" class=\"wp-image-2365 alignnone\" src=\"https:\/\/www.discgolfbern.ch\/walk\/walk17\/wp-content\/uploads\/2022\/03\/Sebae-2.jpg\" alt=\"\" width=\"200\" height=\"200\" srcset=\"https:\/\/www.discgolfbern.ch\/walk\/walk17\/wp-content\/uploads\/2022\/03\/Sebae-2.jpg 220w, https:\/\/www.discgolfbern.ch\/walk\/walk17\/wp-content\/uploads\/2022\/03\/Sebae-2-150x150.jpg 150w\" sizes=\"(max-width: 200px) 100vw, 200px\" \/><\/strong><\/span><span style=\"font-family: helvetica, arial, sans-serif;\"><strong><br \/>\nBeisitzer<br \/>\n<\/strong><\/span><span style=\"font-family: helvetica, arial, sans-serif;\">Sebastian K\u00f6tter<\/span><\/p>\n<\/div>\n<\/div>\n<\/div>\n<\/div>\n<\/div>\n<div id=\"pg-129-0\" class=\"panel-grid panel-no-style\" data-style=\"{&quot;background_display&quot;:&quot;tile&quot;,&quot;cell_alignment&quot;:&quot;flex-start&quot;}\">\n<div id=\"pgc-129-0-2\" class=\"panel-grid-cell\" data-weight=\"0.2\">\n<div id=\"panel-129-0-2-0\" class=\"so-panel widget widget_sow-editor panel-first-child panel-last-child\" data-index=\"2\" data-style=\"{&quot;background_image_attachment&quot;:false,&quot;background_display&quot;:&quot;tile&quot;}\">\n<div class=\"so-widget-sow-editor so-widget-sow-editor-base\">\n<div data-weight=\"0.2\"><\/div>\n<div class=\"panel-grid-cell panel-grid-cell-empty\" data-weight=\"0.2\"><span style=\"font-family: helvetica, arial, sans-serif;\"><strong>Die walkabout Statuten finden sich <a href=\"https:\/\/www.discgolfbern.ch\/walk\/walk17\/wp-content\/uploads\/2017\/06\/Statuten2016.pdf\" target=\"_blank\" rel=\"noopener\">hier<\/a>!<\/strong><\/span><\/div>\n<\/div>\n<\/div>\n<\/div>\n<\/div>\n<\/div>\n","protected":false},"excerpt":{"rendered":"<p>Pr\u00e4sident und Parcoursverantwortung Peter Leuenberger sportliche Entwicklung Lukas Sch\u00e4r Kommunikation Mena Leuenberger Kasse und Mitgliederverwaltung Tinu Sch\u00e4r Beisitzer Sebastian K\u00f6tter\u2026<\/p>\n<p class=\"continue-reading-button\"> <a class=\"continue-reading-link\" href=\"https:\/\/www.discgolfbern.ch\/index.php\/vorstand\/\">weiterlesen<i class=\"crycon-right-dir\"><\/i><\/a><\/p>\n","protected":false},"author":6,"featured_media":0,"parent":0,"menu_order":0,"comment_status":"closed","ping_status":"closed","template":"","meta":{"footnotes":""},"class_list":["post-129","page","type-page","status-publish","hentry"],"_links":{"self":[{"href":"https:\/\/www.discgolfbern.ch\/index.php\/wp-json\/wp\/v2\/pages\/129"}],"collection":[{"href":"https:\/\/www.discgolfbern.ch\/index.php\/wp-json\/wp\/v2\/pages"}],"about":[{"href":"https:\/\/www.discgolfbern.ch\/index.php\/wp-json\/wp\/v2\/types\/page"}],"author":[{"embeddable":true,"href":"https:\/\/www.discgolfbern.ch\/index.php\/wp-json\/wp\/v2\/users\/6"}],"replies":[{"embeddable":true,"href":"https:\/\/www.discgolfbern.ch\/index.php\/wp-json\/wp\/v2\/comments?post=129"}],"version-history":[{"count":47,"href":"https:\/\/www.discgolfbern.ch\/index.php\/wp-json\/wp\/v2\/pages\/129\/revisions"}],"predecessor-version":[{"id":2708,"href":"https:\/\/www.discgolfbern.ch\/index.php\/wp-json\/wp\/v2\/pages\/129\/revisions\/2708"}],"wp:attachment":[{"href":"https:\/\/www.discgolfbern.ch\/index.php\/wp-json\/wp\/v2\/media?parent=129"}],"curies":[{"name":"wp","href":"https:\/\/api.w.org\/{rel}","templated":true}]}}