{"id":144,"date":"2017-06-27T15:39:06","date_gmt":"2017-06-27T13:39:06","guid":{"rendered":"http:\/\/www.swissdiscgolf.ch\/walk\/walk17\/?page_id=144"},"modified":"2025-05-26T19:58:25","modified_gmt":"2025-05-26T17:58:25","slug":"gurten","status":"publish","type":"page","link":"https:\/\/www.discgolfbern.ch\/index.php\/gurten\/","title":{"rendered":"Gurten"},"content":{"rendered":"<div id=\"pl-144\"  class=\"panel-layout\" ><div id=\"pg-144-0\"  class=\"panel-grid panel-no-style\" ><div id=\"pgc-144-0-0\"  class=\"panel-grid-cell\" ><div id=\"panel-144-0-0-0\" class=\"so-panel widget widget_sow-editor panel-first-child panel-last-child\" data-index=\"0\" ><div\n\t\t\t\n\t\t\tclass=\"so-widget-sow-editor so-widget-sow-editor-base\"\n\t\t\t\n\t\t>\n<div class=\"siteorigin-widget-tinymce textwidget\">\n\t<p><span style=\"color: red;\"><strong>\u00a0<\/strong><\/span><\/p>\n<p><img loading=\"lazy\" decoding=\"async\" class=\"alignnone size-full wp-image-1414\" src=\"http:\/\/www.discgolfbern.ch\/walk\/walk17\/wp-content\/uploads\/2019\/08\/Parcours-2019-mit-Bahnbezeichnung.png\" alt=\"\" width=\"1031\" height=\"644\" srcset=\"https:\/\/www.discgolfbern.ch\/walk\/walk17\/wp-content\/uploads\/2019\/08\/Parcours-2019-mit-Bahnbezeichnung.png 1031w, https:\/\/www.discgolfbern.ch\/walk\/walk17\/wp-content\/uploads\/2019\/08\/Parcours-2019-mit-Bahnbezeichnung-300x187.png 300w, https:\/\/www.discgolfbern.ch\/walk\/walk17\/wp-content\/uploads\/2019\/08\/Parcours-2019-mit-Bahnbezeichnung-768x480.png 768w, https:\/\/www.discgolfbern.ch\/walk\/walk17\/wp-content\/uploads\/2019\/08\/Parcours-2019-mit-Bahnbezeichnung-1024x640.png 1024w, https:\/\/www.discgolfbern.ch\/walk\/walk17\/wp-content\/uploads\/2019\/08\/Parcours-2019-mit-Bahnbezeichnung-150x94.png 150w\" sizes=\"(max-width: 1031px) 100vw, 1031px\" \/><\/p>\n<p>Nass bei Regen, undurchschaubar bei Nebel, k\u00f6niglich bei Kaiserwetter!<br \/>\nZw\u00f6lf Bahnen mit Abwurfbalken f\u00fcr Beginner*innen und zwei Trainingsk\u00f6rbe.<br \/>\nMitte Juni bis Mitte August und w\u00e4hrend Turnieren geschlossen.<br \/>\n<a href=\"http:\/\/www.discgolfbern.ch\/walk\/walk17\/wp-content\/uploads\/2019\/08\/Parcours-Public-2019-neu.pdf\">Kursplan und Scorekarte hier.<\/a><\/p>\n<p>Beim Gurten Restaurant Tapis Rouge und beim Bahnh\u00f6fli k\u00f6nnen Frisbees ausgeliehen werden. Alle Infos dazu hier: <a href=\"https:\/\/www.gurtenpark.ch\/de-CH\/freizeit\/sportaktivitaeten\/discgolf\">https:\/\/www.gurtenpark.ch\/de-CH\/freizeit\/sportaktivitaeten\/discgolf<\/a>.<\/p>\n<\/div>\n<\/div><\/div><\/div><\/div><div id=\"pg-144-1\"  class=\"panel-grid panel-no-style\" ><div id=\"pgc-144-1-0\"  class=\"panel-grid-cell\" ><div id=\"panel-144-1-0-0\" class=\"so-panel widget widget_sow-editor panel-first-child panel-last-child\" data-index=\"1\" ><div\n\t\t\t\n\t\t\tclass=\"so-widget-sow-editor so-widget-sow-editor-base\"\n\t\t\t\n\t\t>\n<div class=\"siteorigin-widget-tinymce textwidget\">\n\t<p><iframe loading=\"lazy\" title=\"Bahn 1 (alt)\" width=\"880\" height=\"495\" src=\"https:\/\/www.youtube.com\/embed\/jwISyps-WTY?feature=oembed\" frameborder=\"0\" allow=\"accelerometer; autoplay; clipboard-write; encrypted-media; gyroscope; picture-in-picture\" allowfullscreen><\/iframe><\/p>\n<\/div>\n<\/div><\/div><\/div><div id=\"pgc-144-1-1\"  class=\"panel-grid-cell\" ><div id=\"panel-144-1-1-0\" class=\"so-panel widget widget_sow-editor panel-first-child panel-last-child\" data-index=\"2\" ><div\n\t\t\t\n\t\t\tclass=\"so-widget-sow-editor so-widget-sow-editor-base\"\n\t\t\t\n\t\t>\n<div class=\"siteorigin-widget-tinymce textwidget\">\n\t<p><iframe loading=\"lazy\" title=\"Bahn 2\" width=\"880\" height=\"495\" src=\"https:\/\/www.youtube.com\/embed\/zmc7NGV88bI?feature=oembed\" frameborder=\"0\" allow=\"accelerometer; autoplay; clipboard-write; encrypted-media; gyroscope; picture-in-picture\" allowfullscreen><\/iframe><\/p>\n<\/div>\n<\/div><\/div><\/div><\/div><div id=\"pg-144-2\"  class=\"panel-grid panel-no-style\" ><div id=\"pgc-144-2-0\"  class=\"panel-grid-cell\" ><div id=\"panel-144-2-0-0\" class=\"so-panel widget widget_sow-editor panel-first-child panel-last-child\" data-index=\"3\" ><div\n\t\t\t\n\t\t\tclass=\"so-widget-sow-editor so-widget-sow-editor-base\"\n\t\t\t\n\t\t>\n<div class=\"siteorigin-widget-tinymce textwidget\">\n\t<p><iframe loading=\"lazy\" title=\"Bahn 3\" width=\"880\" height=\"495\" src=\"https:\/\/www.youtube.com\/embed\/EXJQmmDqtv4?feature=oembed\" frameborder=\"0\" allow=\"accelerometer; autoplay; clipboard-write; encrypted-media; gyroscope; picture-in-picture\" allowfullscreen><\/iframe><\/p>\n<\/div>\n<\/div><\/div><\/div><div id=\"pgc-144-2-1\"  class=\"panel-grid-cell\" ><div id=\"panel-144-2-1-0\" class=\"so-panel widget widget_sow-editor panel-first-child panel-last-child\" data-index=\"4\" ><div\n\t\t\t\n\t\t\tclass=\"so-widget-sow-editor so-widget-sow-editor-base\"\n\t\t\t\n\t\t>\n<div class=\"siteorigin-widget-tinymce textwidget\">\n\t<p><iframe loading=\"lazy\" title=\"Bahn 4\" width=\"880\" height=\"495\" src=\"https:\/\/www.youtube.com\/embed\/ZiySZZWb_JA?feature=oembed\" frameborder=\"0\" allow=\"accelerometer; autoplay; clipboard-write; encrypted-media; gyroscope; picture-in-picture\" allowfullscreen><\/iframe><\/p>\n<\/div>\n<\/div><\/div><\/div><\/div><div id=\"pg-144-3\"  class=\"panel-grid panel-no-style\" ><div id=\"pgc-144-3-0\"  class=\"panel-grid-cell\" ><div id=\"panel-144-3-0-0\" class=\"so-panel widget widget_sow-editor panel-first-child panel-last-child\" data-index=\"5\" ><div\n\t\t\t\n\t\t\tclass=\"so-widget-sow-editor so-widget-sow-editor-base\"\n\t\t\t\n\t\t>\n<div class=\"siteorigin-widget-tinymce textwidget\">\n\t<p><iframe loading=\"lazy\" title=\"Bahn 5\" width=\"880\" height=\"495\" src=\"https:\/\/www.youtube.com\/embed\/bGNJSfukmV8?feature=oembed\" frameborder=\"0\" allow=\"accelerometer; autoplay; clipboard-write; encrypted-media; gyroscope; picture-in-picture\" allowfullscreen><\/iframe><\/p>\n<\/div>\n<\/div><\/div><\/div><div id=\"pgc-144-3-1\"  class=\"panel-grid-cell\" ><div id=\"panel-144-3-1-0\" class=\"so-panel widget widget_sow-editor panel-first-child panel-last-child\" data-index=\"6\" ><div\n\t\t\t\n\t\t\tclass=\"so-widget-sow-editor so-widget-sow-editor-base\"\n\t\t\t\n\t\t>\n<div class=\"siteorigin-widget-tinymce textwidget\">\n\t<p><iframe loading=\"lazy\" title=\"Bahn 6\" width=\"880\" height=\"495\" src=\"https:\/\/www.youtube.com\/embed\/ZjNLcsSou_4?feature=oembed\" frameborder=\"0\" allow=\"accelerometer; autoplay; clipboard-write; encrypted-media; gyroscope; picture-in-picture\" allowfullscreen><\/iframe><\/p>\n<\/div>\n<\/div><\/div><\/div><\/div><div id=\"pg-144-4\"  class=\"panel-grid panel-no-style\" ><div id=\"pgc-144-4-0\"  class=\"panel-grid-cell\" ><div id=\"panel-144-4-0-0\" class=\"so-panel widget widget_sow-editor panel-first-child panel-last-child\" data-index=\"7\" ><div\n\t\t\t\n\t\t\tclass=\"so-widget-sow-editor so-widget-sow-editor-base\"\n\t\t\t\n\t\t>\n<div class=\"siteorigin-widget-tinymce textwidget\">\n\t<p><iframe loading=\"lazy\" title=\"Bahn 7\" width=\"880\" height=\"495\" src=\"https:\/\/www.youtube.com\/embed\/oekkxDZxwTs?feature=oembed\" frameborder=\"0\" allow=\"accelerometer; autoplay; clipboard-write; encrypted-media; gyroscope; picture-in-picture\" allowfullscreen><\/iframe><\/p>\n<\/div>\n<\/div><\/div><\/div><div id=\"pgc-144-4-1\"  class=\"panel-grid-cell\" ><div id=\"panel-144-4-1-0\" class=\"so-panel widget widget_sow-editor panel-first-child panel-last-child\" data-index=\"8\" ><div\n\t\t\t\n\t\t\tclass=\"so-widget-sow-editor so-widget-sow-editor-base\"\n\t\t\t\n\t\t>\n<div class=\"siteorigin-widget-tinymce textwidget\">\n\t<p><iframe loading=\"lazy\" title=\"Bahn 8\" width=\"880\" height=\"495\" src=\"https:\/\/www.youtube.com\/embed\/AGPPWOJmJQE?feature=oembed\" frameborder=\"0\" allow=\"accelerometer; autoplay; clipboard-write; encrypted-media; gyroscope; picture-in-picture\" allowfullscreen><\/iframe><\/p>\n<\/div>\n<\/div><\/div><\/div><\/div><div id=\"pg-144-5\"  class=\"panel-grid panel-no-style\" ><div id=\"pgc-144-5-0\"  class=\"panel-grid-cell\" ><div id=\"panel-144-5-0-0\" class=\"so-panel widget widget_sow-editor panel-first-child panel-last-child\" data-index=\"9\" ><div\n\t\t\t\n\t\t\tclass=\"so-widget-sow-editor so-widget-sow-editor-base\"\n\t\t\t\n\t\t>\n<div class=\"siteorigin-widget-tinymce textwidget\">\n\t<p><iframe loading=\"lazy\" title=\"Bahn 9\" width=\"880\" height=\"495\" src=\"https:\/\/www.youtube.com\/embed\/6fomr-EWPSA?feature=oembed\" frameborder=\"0\" allow=\"accelerometer; autoplay; clipboard-write; encrypted-media; gyroscope; picture-in-picture\" allowfullscreen><\/iframe><\/p>\n<\/div>\n<\/div><\/div><\/div><div id=\"pgc-144-5-1\"  class=\"panel-grid-cell\" ><div id=\"panel-144-5-1-0\" class=\"so-panel widget widget_sow-editor panel-first-child panel-last-child\" data-index=\"10\" ><div\n\t\t\t\n\t\t\tclass=\"so-widget-sow-editor so-widget-sow-editor-base\"\n\t\t\t\n\t\t>\n<div class=\"siteorigin-widget-tinymce textwidget\">\n\t<p><iframe loading=\"lazy\" title=\"Bahn 10\" width=\"880\" height=\"495\" src=\"https:\/\/www.youtube.com\/embed\/F2xOjcEjUZE?feature=oembed\" frameborder=\"0\" allow=\"accelerometer; autoplay; clipboard-write; encrypted-media; gyroscope; picture-in-picture\" allowfullscreen><\/iframe><\/p>\n<\/div>\n<\/div><\/div><\/div><\/div><div id=\"pg-144-6\"  class=\"panel-grid panel-no-style\" ><div id=\"pgc-144-6-0\"  class=\"panel-grid-cell\" ><div id=\"panel-144-6-0-0\" class=\"so-panel widget widget_sow-editor panel-first-child panel-last-child\" data-index=\"11\" ><div\n\t\t\t\n\t\t\tclass=\"so-widget-sow-editor so-widget-sow-editor-base\"\n\t\t\t\n\t\t>\n<div class=\"siteorigin-widget-tinymce textwidget\">\n\t<p><iframe loading=\"lazy\" title=\"Bahn 11\" width=\"880\" height=\"495\" src=\"https:\/\/www.youtube.com\/embed\/UIXx0LYVyUU?feature=oembed\" frameborder=\"0\" allow=\"accelerometer; autoplay; clipboard-write; encrypted-media; gyroscope; picture-in-picture\" allowfullscreen><\/iframe><\/p>\n<\/div>\n<\/div><\/div><\/div><div id=\"pgc-144-6-1\"  class=\"panel-grid-cell\" ><div id=\"panel-144-6-1-0\" class=\"so-panel widget widget_sow-editor panel-first-child panel-last-child\" data-index=\"12\" ><div\n\t\t\t\n\t\t\tclass=\"so-widget-sow-editor so-widget-sow-editor-base\"\n\t\t\t\n\t\t>\n<div class=\"siteorigin-widget-tinymce textwidget\">\n\t<p><iframe loading=\"lazy\" title=\"Bahn 12\" width=\"880\" height=\"495\" src=\"https:\/\/www.youtube.com\/embed\/8faueu7ODzI?feature=oembed\" frameborder=\"0\" allow=\"accelerometer; autoplay; clipboard-write; encrypted-media; gyroscope; picture-in-picture\" allowfullscreen><\/iframe><\/p>\n<\/div>\n<\/div><\/div><\/div><\/div><div id=\"pg-144-7\"  class=\"panel-grid panel-no-style\" ><div id=\"pgc-144-7-0\"  class=\"panel-grid-cell\" ><div id=\"panel-144-7-0-0\" class=\"so-panel widget widget_sow-editor panel-first-child panel-last-child\" data-index=\"13\" ><div\n\t\t\t\n\t\t\tclass=\"so-widget-sow-editor so-widget-sow-editor-base\"\n\t\t\t\n\t\t>\n<div class=\"siteorigin-widget-tinymce textwidget\">\n\t<p><iframe loading=\"lazy\" title=\"Trainingskorb 1\" width=\"880\" height=\"495\" src=\"https:\/\/www.youtube.com\/embed\/A_8M0rL3ogM?feature=oembed\" frameborder=\"0\" allow=\"accelerometer; autoplay; clipboard-write; encrypted-media; gyroscope; picture-in-picture\" allowfullscreen><\/iframe><\/p>\n<\/div>\n<\/div><\/div><\/div><div id=\"pgc-144-7-1\"  class=\"panel-grid-cell\" ><div id=\"panel-144-7-1-0\" class=\"so-panel widget widget_sow-editor panel-first-child panel-last-child\" data-index=\"14\" ><div\n\t\t\t\n\t\t\tclass=\"so-widget-sow-editor so-widget-sow-editor-base\"\n\t\t\t\n\t\t>\n<div class=\"siteorigin-widget-tinymce textwidget\">\n\t<p><iframe loading=\"lazy\" title=\"Trainingskorb 2\" width=\"880\" height=\"495\" src=\"https:\/\/www.youtube.com\/embed\/OXSsEB902iI?feature=oembed\" frameborder=\"0\" allow=\"accelerometer; autoplay; clipboard-write; encrypted-media; gyroscope; picture-in-picture\" allowfullscreen><\/iframe><\/p>\n<\/div>\n<\/div><\/div><\/div><\/div><\/div>","protected":false},"excerpt":{"rendered":"<p>\u00a0 Nass bei Regen, undurchschaubar bei Nebel, k\u00f6niglich bei Kaiserwetter! Zw\u00f6lf Bahnen mit Abwurfbalken f\u00fcr Beginner*innen und zwei Trainingsk\u00f6rbe. Mitte\u2026<\/p>\n<p class=\"continue-reading-button\"> <a class=\"continue-reading-link\" href=\"https:\/\/www.discgolfbern.ch\/index.php\/gurten\/\">weiterlesen<i class=\"crycon-right-dir\"><\/i><\/a><\/p>\n","protected":false},"author":5,"featured_media":0,"parent":0,"menu_order":0,"comment_status":"closed","ping_status":"closed","template":"","meta":{"footnotes":""},"class_list":["post-144","page","type-page","status-publish","hentry"],"_links":{"self":[{"href":"https:\/\/www.discgolfbern.ch\/index.php\/wp-json\/wp\/v2\/pages\/144"}],"collection":[{"href":"https:\/\/www.discgolfbern.ch\/index.php\/wp-json\/wp\/v2\/pages"}],"about":[{"href":"https:\/\/www.discgolfbern.ch\/index.php\/wp-json\/wp\/v2\/types\/page"}],"author":[{"embeddable":true,"href":"https:\/\/www.discgolfbern.ch\/index.php\/wp-json\/wp\/v2\/users\/5"}],"replies":[{"embeddable":true,"href":"https:\/\/www.discgolfbern.ch\/index.php\/wp-json\/wp\/v2\/comments?post=144"}],"version-history":[{"count":68,"href":"https:\/\/www.discgolfbern.ch\/index.php\/wp-json\/wp\/v2\/pages\/144\/revisions"}],"predecessor-version":[{"id":3083,"href":"https:\/\/www.discgolfbern.ch\/index.php\/wp-json\/wp\/v2\/pages\/144\/revisions\/3083"}],"wp:attachment":[{"href":"https:\/\/www.discgolfbern.ch\/index.php\/wp-json\/wp\/v2\/media?parent=144"}],"curies":[{"name":"wp","href":"https:\/\/api.w.org\/{rel}","templated":true}]}}