{"id":147,"date":"2017-06-27T15:39:21","date_gmt":"2017-06-27T13:39:21","guid":{"rendered":"http:\/\/www.swissdiscgolf.ch\/walk\/walk17\/?page_id=147"},"modified":"2023-11-02T20:06:31","modified_gmt":"2023-11-02T19:06:31","slug":"weyerli","status":"publish","type":"page","link":"https:\/\/www.discgolfbern.ch\/index.php\/weyerli\/","title":{"rendered":"Weyerli"},"content":{"rendered":"\n<div id=\"pg-147-2\">\n<div id=\"pgc-147-2-0\" data-weight=\"1\">\n<div id=\"panel-147-2-0-0\" data-index=\"5\" data-style=\"{&quot;background_display&quot;:&quot;tile&quot;}\">\n<div>Im Freibad Weyermannshaus (Weyerli) stehen seit 2016 f\u00fcnf K\u00f6rbe, die nur neben der Badesaison von <strong>Oktober bis April<\/strong> bespielbar sind. Die \u00d6ffnungszeiten vom Freibad findest du beim <a href=\"https:\/\/www.sportamt-bern.ch\/sportanlage\/freibad-weyermannshaus\/#\/Details\">Sportamt Bern<\/a>. Je nach Witterung kann die \u00d6ffnungszeit auch verk\u00fcrzt werden. <strong>W\u00e4hrend der Badesaison stehen nur 2 K\u00f6rbe, die allenfalls bespielbar sind, wenn keine Badeg\u00e4ste auf dem Rasen verweilen. <\/strong><br \/>\n<div>Die Discgolfanlage hat keine offiziellen Abw\u00fcrfe. Spielende m\u00fcssen Abw\u00fcrfe selber definieren oder sich auf <a href=\"https:\/\/udisc.com\/courses\/weyerli-bern-cC3J\">UDisc<\/a> genauere Informationen zum 18er-Layout holen. An der Kasse zum <a href=\"https:\/\/www.sportamt-bern.ch\/sportanlage\/hallenbad-weyermannshaus\/\">Hallenbad<\/a> kann man gegen Depot Disc Golf Frisbees (Putter) ausleihen.<\/div>\n<div><br \/><strong>Auf andere Parkbenutzende und die gesamte Parkanlage ist R\u00fccksicht zu nehmen, insbesondere auf die Lampen im Freibad (ausser Reichweite spielen).<\/strong><\/div>\n<div>\u00a0<\/div>\n<\/div>\n<\/div>\n<div id=\"panel-147-2-0-0\" data-index=\"5\" data-style=\"{&quot;background_display&quot;:&quot;tile&quot;}\">\n<div>Freibad und Hallenbad Weyermannshaus, St\u00f6ckackerstrasse 11, 3027 Bern<\/div>\n<\/div>\n<\/div>\n<\/div>\n","protected":false},"excerpt":{"rendered":"<p>Im Freibad Weyermannshaus (Weyerli) stehen seit 2016 f\u00fcnf K\u00f6rbe, die nur neben der Badesaison von Oktober bis April bespielbar sind.\u2026<\/p>\n<p class=\"continue-reading-button\"> <a class=\"continue-reading-link\" href=\"https:\/\/www.discgolfbern.ch\/index.php\/weyerli\/\">weiterlesen<i class=\"crycon-right-dir\"><\/i><\/a><\/p>\n","protected":false},"author":5,"featured_media":0,"parent":0,"menu_order":0,"comment_status":"closed","ping_status":"closed","template":"","meta":{"footnotes":""},"class_list":["post-147","page","type-page","status-publish","hentry"],"_links":{"self":[{"href":"https:\/\/www.discgolfbern.ch\/index.php\/wp-json\/wp\/v2\/pages\/147"}],"collection":[{"href":"https:\/\/www.discgolfbern.ch\/index.php\/wp-json\/wp\/v2\/pages"}],"about":[{"href":"https:\/\/www.discgolfbern.ch\/index.php\/wp-json\/wp\/v2\/types\/page"}],"author":[{"embeddable":true,"href":"https:\/\/www.discgolfbern.ch\/index.php\/wp-json\/wp\/v2\/users\/5"}],"replies":[{"embeddable":true,"href":"https:\/\/www.discgolfbern.ch\/index.php\/wp-json\/wp\/v2\/comments?post=147"}],"version-history":[{"count":46,"href":"https:\/\/www.discgolfbern.ch\/index.php\/wp-json\/wp\/v2\/pages\/147\/revisions"}],"predecessor-version":[{"id":2844,"href":"https:\/\/www.discgolfbern.ch\/index.php\/wp-json\/wp\/v2\/pages\/147\/revisions\/2844"}],"wp:attachment":[{"href":"https:\/\/www.discgolfbern.ch\/index.php\/wp-json\/wp\/v2\/media?parent=147"}],"curies":[{"name":"wp","href":"https:\/\/api.w.org\/{rel}","templated":true}]}}