{"id":254,"date":"2017-07-01T18:01:28","date_gmt":"2017-07-01T16:01:28","guid":{"rendered":"http:\/\/www.swissdiscgolf.ch\/walk\/walk17\/?page_id=254"},"modified":"2025-08-17T23:48:00","modified_gmt":"2025-08-17T21:48:00","slug":"bern-open","status":"publish","type":"page","link":"https:\/\/www.discgolfbern.ch\/index.php\/bern-open\/","title":{"rendered":"Bern Open"},"content":{"rendered":"<div id=\"pl-254\"  class=\"panel-layout\" ><div id=\"pg-254-0\"  class=\"panel-grid panel-no-style\" ><div id=\"pgc-254-0-0\"  class=\"panel-grid-cell\" ><div id=\"panel-254-0-0-0\" class=\"so-panel widget widget_sow-editor panel-first-child panel-last-child\" data-index=\"0\" ><div\n\t\t\t\n\t\t\tclass=\"so-widget-sow-editor so-widget-sow-editor-base\"\n\t\t\t\n\t\t><h3 class=\"widget-title\">Bern Open\u00a02025<\/h3>\n<div class=\"siteorigin-widget-tinymce textwidget\">\n\t<p>17.\/18.\/19. Oktober<br \/>\nSWISSTOUR Finale\/ PDGA B-Tier<\/p>\n<p>Laufend aktualisierte Infos und Anmeldung ab 18. August 2025, 20 Uhr, auf <a href=\"https:\/\/www.discgolfscene.com\/tournament\/Bern_Open_2025\">discgolfscene.com<\/a><\/p>\n<p><a href=\"https:\/\/www.discgolfbern.ch\/index.php\/unterkunft\/\">UNTERKUNFT<\/a><\/p>\n<p><a href=\"http:\/\/www.gurtenpark.ch\/de-CH\/Service-Pages\/Anreise\">Anreiseplan Gurten<\/a><\/p>\n<p>&nbsp;<\/p>\n<p><em><strong>Mehr zur Geschichte des Turniers<\/strong><\/em><\/p>\n<p>Wir freuen uns dieses Video zum Bern Open Kurs pr\u00e4sentieren zu d\u00fcrfen. Ein grosser Dank an Florian Schwab und Manuel Binz f\u00fcr Idee und Realisierung!<\/p>\n<p><iframe loading=\"lazy\" title=\"Bern Open 2021 | Walkabout Disc Golf Club Bern\" width=\"880\" height=\"495\" src=\"https:\/\/www.youtube.com\/embed\/Oj6opFlPzkw?feature=oembed\" frameborder=\"0\" allow=\"accelerometer; autoplay; clipboard-write; encrypted-media; gyroscope; picture-in-picture; web-share\" referrerpolicy=\"strict-origin-when-cross-origin\" allowfullscreen><\/iframe><\/p>\n<p>Von 1995 bis 2007, also 13 Austragungen lang, hiess dieses Turnier Golden Leaf, so wie es auf unserem Ch\u00e4ppi steht. 2002 z.B. als EuroTour Finale mit internationaler Beteiligung und TV \u00dcbertragung, 2005 als SwissTour Finale, 2007 als Schweizer Meisterschaft.<\/p>\n<p><img loading=\"lazy\" decoding=\"async\" class=\"aligncenter wp-image-255 size-full\" src=\"http:\/\/www.discgolfbern.ch\/walk\/walk17\/wp-content\/uploads\/2017\/07\/Chaeppi400x248.gif\" alt=\"\" width=\"400\" height=\"248\" \/><\/p>\n<p>Ab 2008 wurde aus dem Golden Leaf das Bern Open, auch weil in diesem Jahr wieder einmal das Eurotour Finale auf dem Gurten zu Gast war!<\/p>\n<p><img loading=\"lazy\" decoding=\"async\" class=\"aligncenter wp-image-256\" src=\"http:\/\/www.discgolfbern.ch\/walk\/walk17\/wp-content\/uploads\/2017\/07\/BOLogo-BlackBlue-710.jpg\" alt=\"\" width=\"400\" height=\"402\" srcset=\"https:\/\/www.discgolfbern.ch\/walk\/walk17\/wp-content\/uploads\/2017\/07\/BOLogo-BlackBlue-710.jpg 710w, https:\/\/www.discgolfbern.ch\/walk\/walk17\/wp-content\/uploads\/2017\/07\/BOLogo-BlackBlue-710-150x150.jpg 150w, https:\/\/www.discgolfbern.ch\/walk\/walk17\/wp-content\/uploads\/2017\/07\/BOLogo-BlackBlue-710-298x300.jpg 298w\" sizes=\"(max-width: 400px) 100vw, 400px\" \/><\/p>\n<p>&nbsp;<\/p>\n<\/div>\n<\/div><\/div><\/div><\/div><\/div>","protected":false},"excerpt":{"rendered":"<p>17.\/18.\/19. Oktober SWISSTOUR Finale\/ PDGA B-Tier Laufend aktualisierte Infos und Anmeldung ab 18. August 2025, 20 Uhr, auf discgolfscene.com UNTERKUNFT\u2026<\/p>\n<p class=\"continue-reading-button\"> <a class=\"continue-reading-link\" href=\"https:\/\/www.discgolfbern.ch\/index.php\/bern-open\/\">weiterlesen<i class=\"crycon-right-dir\"><\/i><\/a><\/p>\n","protected":false},"author":5,"featured_media":0,"parent":0,"menu_order":0,"comment_status":"closed","ping_status":"closed","template":"","meta":{"footnotes":""},"class_list":["post-254","page","type-page","status-publish","hentry"],"_links":{"self":[{"href":"https:\/\/www.discgolfbern.ch\/index.php\/wp-json\/wp\/v2\/pages\/254"}],"collection":[{"href":"https:\/\/www.discgolfbern.ch\/index.php\/wp-json\/wp\/v2\/pages"}],"about":[{"href":"https:\/\/www.discgolfbern.ch\/index.php\/wp-json\/wp\/v2\/types\/page"}],"author":[{"embeddable":true,"href":"https:\/\/www.discgolfbern.ch\/index.php\/wp-json\/wp\/v2\/users\/5"}],"replies":[{"embeddable":true,"href":"https:\/\/www.discgolfbern.ch\/index.php\/wp-json\/wp\/v2\/comments?post=254"}],"version-history":[{"count":108,"href":"https:\/\/www.discgolfbern.ch\/index.php\/wp-json\/wp\/v2\/pages\/254\/revisions"}],"predecessor-version":[{"id":3095,"href":"https:\/\/www.discgolfbern.ch\/index.php\/wp-json\/wp\/v2\/pages\/254\/revisions\/3095"}],"wp:attachment":[{"href":"https:\/\/www.discgolfbern.ch\/index.php\/wp-json\/wp\/v2\/media?parent=254"}],"curies":[{"name":"wp","href":"https:\/\/api.w.org\/{rel}","templated":true}]}}