{"id":2900,"date":"2024-05-15T15:15:09","date_gmt":"2024-05-15T13:15:09","guid":{"rendered":"https:\/\/www.discgolfbern.ch\/?page_id=2900"},"modified":"2025-04-28T12:35:08","modified_gmt":"2025-04-28T10:35:08","slug":"weekly","status":"publish","type":"page","link":"https:\/\/www.discgolfbern.ch\/index.php\/weekly\/","title":{"rendered":"WEEKLY"},"content":{"rendered":"<div id=\"pl-gb2900-69e4a2d3ec3a6\"  class=\"panel-layout wp-block-siteorigin-panels-layout-block\" ><div id=\"pg-gb2900-69e4a2d3ec3a6-0\"  class=\"panel-grid panel-no-style\" ><div id=\"pgc-gb2900-69e4a2d3ec3a6-0-0\"  class=\"panel-grid-cell\" ><div id=\"panel-gb2900-69e4a2d3ec3a6-0-0-0\" class=\"so-panel widget widget_sow-editor panel-first-child panel-last-child\" data-index=\"0\" ><div\n\t\t\t\n\t\t\tclass=\"so-widget-sow-editor so-widget-sow-editor-base\"\n\t\t\t\n\t\t><h3 class=\"widget-title\">Spiel mit!<\/h3>\n<div class=\"siteorigin-widget-tinymce textwidget\">\n\t<p>Das erste WEEKLY samstags im Winter 23\/ 24 ist auf reges Interesse gestossen: Turnierserie wie walkiecup und Training in einem! Also gehts weiter mit dem WEEKLY. Es ist offen f\u00fcr alle und auch f\u00fcr Anf\u00e4nger*innen geeignet. Ort, Startzeit, Kurslayout und Format sind unterschiedlich. Genauere Infos jeweils im Turnierkalender auf <a href=\"https:\/\/discgolfmetrix.com\/\">discgolfmetrix.com<\/a>.<\/p>\n<p><em>Playersfee 5.-, Junior*innen und Clubmitglieder gratis<\/em>.<\/p>\n<p>Hast du eine Idee f\u00fcr einen Kurs oder einfach Lust mitzumachen? Melde dich f\u00fcrs WEEKLY auf info(at)discgolfbern.ch!<\/p>\n<p>&nbsp;<\/p>\n<\/div>\n<\/div><\/div><\/div><\/div><\/div>","protected":false},"excerpt":{"rendered":"<p>Das erste WEEKLY samstags im Winter 23\/ 24 ist auf reges Interesse gestossen: Turnierserie wie walkiecup und Training in einem!\u2026<\/p>\n<p class=\"continue-reading-button\"> <a class=\"continue-reading-link\" href=\"https:\/\/www.discgolfbern.ch\/index.php\/weekly\/\">weiterlesen<i class=\"crycon-right-dir\"><\/i><\/a><\/p>\n","protected":false},"author":6,"featured_media":0,"parent":0,"menu_order":0,"comment_status":"closed","ping_status":"closed","template":"","meta":{"footnotes":""},"class_list":["post-2900","page","type-page","status-publish","hentry"],"_links":{"self":[{"href":"https:\/\/www.discgolfbern.ch\/index.php\/wp-json\/wp\/v2\/pages\/2900"}],"collection":[{"href":"https:\/\/www.discgolfbern.ch\/index.php\/wp-json\/wp\/v2\/pages"}],"about":[{"href":"https:\/\/www.discgolfbern.ch\/index.php\/wp-json\/wp\/v2\/types\/page"}],"author":[{"embeddable":true,"href":"https:\/\/www.discgolfbern.ch\/index.php\/wp-json\/wp\/v2\/users\/6"}],"replies":[{"embeddable":true,"href":"https:\/\/www.discgolfbern.ch\/index.php\/wp-json\/wp\/v2\/comments?post=2900"}],"version-history":[{"count":13,"href":"https:\/\/www.discgolfbern.ch\/index.php\/wp-json\/wp\/v2\/pages\/2900\/revisions"}],"predecessor-version":[{"id":3039,"href":"https:\/\/www.discgolfbern.ch\/index.php\/wp-json\/wp\/v2\/pages\/2900\/revisions\/3039"}],"wp:attachment":[{"href":"https:\/\/www.discgolfbern.ch\/index.php\/wp-json\/wp\/v2\/media?parent=2900"}],"curies":[{"name":"wp","href":"https:\/\/api.w.org\/{rel}","templated":true}]}}