{"id":310,"date":"2017-07-03T12:00:21","date_gmt":"2017-07-03T10:00:21","guid":{"rendered":"http:\/\/www.swissdiscgolf.ch\/walk\/walk17\/?page_id=310"},"modified":"2025-04-28T12:49:37","modified_gmt":"2025-04-28T10:49:37","slug":"pdga","status":"publish","type":"page","link":"https:\/\/www.discgolfbern.ch\/index.php\/pdga\/","title":{"rendered":"Verb\u00e4nde"},"content":{"rendered":"<div id=\"pl-310\"  class=\"panel-layout\" ><div id=\"pg-310-0\"  class=\"panel-grid panel-no-style\" ><div id=\"pgc-310-0-0\"  class=\"panel-grid-cell\" ><div id=\"panel-310-0-0-0\" class=\"so-panel widget widget_sow-editor panel-first-child panel-last-child\" data-index=\"0\" ><div\n\t\t\t\n\t\t\tclass=\"so-widget-sow-editor so-widget-sow-editor-base\"\n\t\t\t\n\t\t>\n<div class=\"siteorigin-widget-tinymce textwidget\">\n\t<p><img loading=\"lazy\" decoding=\"async\" class=\"alignnone  wp-image-3045\" src=\"https:\/\/www.discgolfbern.ch\/walk\/walk17\/wp-content\/uploads\/2025\/04\/logo_header_main-1024x288.png\" alt=\"\" width=\"313\" height=\"88\" srcset=\"https:\/\/www.discgolfbern.ch\/walk\/walk17\/wp-content\/uploads\/2025\/04\/logo_header_main-1024x288.png 1024w, https:\/\/www.discgolfbern.ch\/walk\/walk17\/wp-content\/uploads\/2025\/04\/logo_header_main-300x84.png 300w, https:\/\/www.discgolfbern.ch\/walk\/walk17\/wp-content\/uploads\/2025\/04\/logo_header_main-768x216.png 768w, https:\/\/www.discgolfbern.ch\/walk\/walk17\/wp-content\/uploads\/2025\/04\/logo_header_main-150x42.png 150w, https:\/\/www.discgolfbern.ch\/walk\/walk17\/wp-content\/uploads\/2025\/04\/logo_header_main.png 1030w\" sizes=\"(max-width: 313px) 100vw, 313px\" \/><\/p>\n<p>Der Schweizerische Disc Golf Verband SDGV hat die F\u00f6rderung und Verbreitung des Disc Golf Sports in der Schweiz zum Ziel. Dabei richtet er sich einerseits nach den internationalen Gegebenheiten und andererseits nach nationalen Bed\u00fcrfnissen. Generelles Ziel ist, einen gut organisierten und funktionierenden Sport mit den Vereinen in m\u00f6glichst vielen Regionen der Schweiz anbieten zu k\u00f6nnen, Disc Golf aber auch als Breitensport f\u00fcr jede und jeden zu erm\u00f6glichen.<br \/>\n<a href=\"http:\/\/www.discgolf.ch\">www.discgolf.ch<\/a><\/p>\n<p>&nbsp;<\/p>\n<\/div>\n<\/div><\/div><\/div><\/div><div id=\"pg-310-1\"  class=\"panel-grid panel-no-style\" ><div id=\"pgc-310-1-0\"  class=\"panel-grid-cell\" ><div id=\"panel-310-1-0-0\" class=\"so-panel widget widget_sow-editor panel-first-child panel-last-child\" data-index=\"1\" ><div\n\t\t\t\n\t\t\tclass=\"so-widget-sow-editor so-widget-sow-editor-base\"\n\t\t\t\n\t\t>\n<div class=\"siteorigin-widget-tinymce textwidget\">\n\t<p>Die Professional Disc Golf Association PDGA ist eine gemeinn\u00fctzige Organisation, die sich der F\u00f6rderung und dem nachhaltigen Wachstum von Disc Golf widmet. Die PDGA ist der weltweite Dachverband des Disc Golfs und wurde 1976 in den Vereinigten Staaten gegr\u00fcndet.<br \/>\n<a href=\"https:\/\/www.pdga.com\/\">www.pdga.com<\/a><br \/>\n<a href=\"https:\/\/www.pdga.com\/europe\">www.pdga.com\/europe<\/a><\/p>\n<\/div>\n<\/div><\/div><\/div><div id=\"pgc-310-1-1\"  class=\"panel-grid-cell\" ><div id=\"panel-310-1-1-0\" class=\"so-panel widget widget_sow-editor panel-first-child panel-last-child\" data-index=\"2\" ><div\n\t\t\t\n\t\t\tclass=\"so-widget-sow-editor so-widget-sow-editor-base\"\n\t\t\t\n\t\t>\n<div class=\"siteorigin-widget-tinymce textwidget\">\n\t<p><a href=\"http:\/\/www.pdga.com\" target=\"_blank\" rel=\"noopener\"><img loading=\"lazy\" decoding=\"async\" class=\"aligncenter wp-image-316 size-full\" src=\"http:\/\/www.discgolfbern.ch\/walk\/walk17\/wp-content\/uploads\/2017\/07\/logo-pdga.jpg\" alt=\"\" width=\"653\" height=\"111\" srcset=\"https:\/\/www.discgolfbern.ch\/walk\/walk17\/wp-content\/uploads\/2017\/07\/logo-pdga.jpg 653w, https:\/\/www.discgolfbern.ch\/walk\/walk17\/wp-content\/uploads\/2017\/07\/logo-pdga-300x51.jpg 300w, https:\/\/www.discgolfbern.ch\/walk\/walk17\/wp-content\/uploads\/2017\/07\/logo-pdga-150x25.jpg 150w\" sizes=\"(max-width: 653px) 100vw, 653px\" \/><\/a><\/p>\n<\/div>\n<\/div><\/div><\/div><div id=\"pgc-310-1-2\"  class=\"panel-grid-cell\" ><div id=\"panel-310-1-2-0\" class=\"so-panel widget widget_sow-editor panel-first-child panel-last-child\" data-index=\"3\" ><div\n\t\t\t\n\t\t\tclass=\"so-widget-sow-editor so-widget-sow-editor-base\"\n\t\t\t\n\t\t>\n<div class=\"siteorigin-widget-tinymce textwidget\">\n\t<p><a href=\"http:\/\/pdga-europe.com\/\" target=\"_blank\" rel=\"noopener\"><img loading=\"lazy\" decoding=\"async\" class=\"aligncenter wp-image-317 size-full\" src=\"http:\/\/www.discgolfbern.ch\/walk\/walk17\/wp-content\/uploads\/2017\/07\/logo-pdgaeurope.jpg\" alt=\"\" width=\"431\" height=\"153\" srcset=\"https:\/\/www.discgolfbern.ch\/walk\/walk17\/wp-content\/uploads\/2017\/07\/logo-pdgaeurope.jpg 431w, https:\/\/www.discgolfbern.ch\/walk\/walk17\/wp-content\/uploads\/2017\/07\/logo-pdgaeurope-300x106.jpg 300w, https:\/\/www.discgolfbern.ch\/walk\/walk17\/wp-content\/uploads\/2017\/07\/logo-pdgaeurope-150x53.jpg 150w\" sizes=\"(max-width: 431px) 100vw, 431px\" \/><\/a><\/p>\n<\/div>\n<\/div><\/div><\/div><\/div><\/div>","protected":false},"excerpt":{"rendered":"<p>Der Schweizerische Disc Golf Verband SDGV hat die F\u00f6rderung und Verbreitung des Disc Golf Sports in der Schweiz zum Ziel.\u2026<\/p>\n<p class=\"continue-reading-button\"> <a class=\"continue-reading-link\" href=\"https:\/\/www.discgolfbern.ch\/index.php\/pdga\/\">weiterlesen<i class=\"crycon-right-dir\"><\/i><\/a><\/p>\n","protected":false},"author":5,"featured_media":0,"parent":0,"menu_order":0,"comment_status":"closed","ping_status":"closed","template":"","meta":{"footnotes":""},"class_list":["post-310","page","type-page","status-publish","hentry"],"_links":{"self":[{"href":"https:\/\/www.discgolfbern.ch\/index.php\/wp-json\/wp\/v2\/pages\/310"}],"collection":[{"href":"https:\/\/www.discgolfbern.ch\/index.php\/wp-json\/wp\/v2\/pages"}],"about":[{"href":"https:\/\/www.discgolfbern.ch\/index.php\/wp-json\/wp\/v2\/types\/page"}],"author":[{"embeddable":true,"href":"https:\/\/www.discgolfbern.ch\/index.php\/wp-json\/wp\/v2\/users\/5"}],"replies":[{"embeddable":true,"href":"https:\/\/www.discgolfbern.ch\/index.php\/wp-json\/wp\/v2\/comments?post=310"}],"version-history":[{"count":16,"href":"https:\/\/www.discgolfbern.ch\/index.php\/wp-json\/wp\/v2\/pages\/310\/revisions"}],"predecessor-version":[{"id":2507,"href":"https:\/\/www.discgolfbern.ch\/index.php\/wp-json\/wp\/v2\/pages\/310\/revisions\/2507"}],"wp:attachment":[{"href":"https:\/\/www.discgolfbern.ch\/index.php\/wp-json\/wp\/v2\/media?parent=310"}],"curies":[{"name":"wp","href":"https:\/\/api.w.org\/{rel}","templated":true}]}}