{"id":88,"date":"2017-06-27T13:15:39","date_gmt":"2017-06-27T11:15:39","guid":{"rendered":"http:\/\/www.swissdiscgolf.ch\/walk\/walk17\/?page_id=88"},"modified":"2025-05-26T19:40:38","modified_gmt":"2025-05-26T17:40:38","slug":"erste-schritte","status":"publish","type":"page","link":"https:\/\/www.discgolfbern.ch\/index.php\/erste-schritte\/","title":{"rendered":"Disc Golf"},"content":{"rendered":"<div id=\"pl-88\"  class=\"panel-layout\" ><div id=\"pg-88-0\"  class=\"panel-grid panel-no-style\" ><div id=\"pgc-88-0-0\"  class=\"panel-grid-cell\" ><div id=\"panel-88-0-0-0\" class=\"so-panel widget widget_siteorigin-panels-embedded-video panel-first-child panel-last-child\" data-index=\"0\" ><div class=\"siteorigin-fitvids\"><iframe loading=\"lazy\" title=\"Discgolf \u2013 So spielt man den neuen Trendsport\" width=\"880\" height=\"495\" src=\"https:\/\/www.youtube.com\/embed\/rvQzvnXbV9Y?start=145&feature=oembed\" frameborder=\"0\" allow=\"accelerometer; autoplay; clipboard-write; encrypted-media; gyroscope; picture-in-picture; web-share\" referrerpolicy=\"strict-origin-when-cross-origin\" allowfullscreen><\/iframe><\/div><\/div><\/div><\/div><div id=\"pg-88-1\"  class=\"panel-grid panel-no-style\" ><div id=\"pgc-88-1-0\"  class=\"panel-grid-cell\" ><div id=\"panel-88-1-0-0\" class=\"so-panel widget widget_sow-editor panel-first-child panel-last-child\" data-index=\"1\" ><div\n\t\t\t\n\t\t\tclass=\"so-widget-sow-editor so-widget-sow-editor-base\"\n\t\t\t\n\t\t>\n<div class=\"siteorigin-widget-tinymce textwidget\">\n\t<p><img loading=\"lazy\" decoding=\"async\" class=\"alignnone wp-image-2712 size-full\" src=\"http:\/\/www.discgolfbern.ch\/walk\/walk17\/wp-content\/uploads\/2023\/05\/Kleber-e1683103797779.png\" alt=\"\" width=\"2245\" height=\"847\" srcset=\"https:\/\/www.discgolfbern.ch\/walk\/walk17\/wp-content\/uploads\/2023\/05\/Kleber-e1683103797779.png 2245w, https:\/\/www.discgolfbern.ch\/walk\/walk17\/wp-content\/uploads\/2023\/05\/Kleber-e1683103797779-300x113.png 300w, https:\/\/www.discgolfbern.ch\/walk\/walk17\/wp-content\/uploads\/2023\/05\/Kleber-e1683103797779-1024x386.png 1024w, https:\/\/www.discgolfbern.ch\/walk\/walk17\/wp-content\/uploads\/2023\/05\/Kleber-e1683103797779-768x290.png 768w, https:\/\/www.discgolfbern.ch\/walk\/walk17\/wp-content\/uploads\/2023\/05\/Kleber-e1683103797779-1536x580.png 1536w, https:\/\/www.discgolfbern.ch\/walk\/walk17\/wp-content\/uploads\/2023\/05\/Kleber-e1683103797779-2048x773.png 2048w, https:\/\/www.discgolfbern.ch\/walk\/walk17\/wp-content\/uploads\/2023\/05\/Kleber-e1683103797779-150x57.png 150w\" sizes=\"(max-width: 2245px) 100vw, 2245px\" \/><\/p>\n<p>&nbsp;<\/p>\n<p><strong>Ziel des Spiels<br \/><\/strong>Mit m\u00f6glichst wenig W\u00fcrfen das Frisbee vom Abwurf in den Korb spielen. Es wird dort weitergespielt, wo das Frisbee nach dem Wurf zu liegen kommt bis es im Korb liegt oder in den Ketten h\u00e4ngt.<\/p>\n<p><strong>Spielablauf<\/strong><br \/>Jeder Spieler spielt seinen ersten Wurf vom Abwurf aus. In der Folge spielt der Spieler mit der entferntesten Lage zum Korb zuerst weiter. Die Scheibe muss zum Schluss im Korb liegen oder in den Ketten h\u00e4ngen. Die Anzahl W\u00fcrfe werden in der Scorecard eingetragen. Am Ende des Parcours hat derjenige Spieler mit den wenigsten W\u00fcrfen gewonnen.<\/p>\n<p><strong>OB-Regel<\/strong><br \/>Alle geteerten Strassen, Wege und abgez\u00e4unten Weiden gelten im Normalfall als OB. OB = Out of Bounds (Engl. Bound = Grenze\/ Bereich) od. <strong>Strafzone <\/strong>(landet die Scheibe darin, gibt es einen Strafpunkt). Die Scheibe muss restlos im OB liegen, sonst liegt sie gut und es gibt keinen Strafpunkt. An der Stelle wo die Scheibe ins OB eingetreten ist, wird weitergespielt. Man kann 1m senkrecht zum OB Abstand nehmen, denn man darf beim Werfen nicht im OB (Strafzone) stehen.<\/p>\n<p><strong>W\u00fcrfe<br \/><\/strong>Frisbee immer bis zur Landung beobachten \u2192 so muss weniger gesucht werden.<\/p>\n<p><strong>Wenn die Bahn nicht frei ist, wird nicht gespielt<\/strong>.<\/p>\n<\/div>\n<\/div><\/div><\/div><\/div><div id=\"pg-88-2\"  class=\"panel-grid panel-no-style\" ><div id=\"pgc-88-2-0\"  class=\"panel-grid-cell\" ><div id=\"panel-88-2-0-0\" class=\"so-panel widget widget_sow-editor panel-first-child panel-last-child\" data-index=\"2\" ><div\n\t\t\t\n\t\t\tclass=\"so-widget-sow-editor so-widget-sow-editor-base\"\n\t\t\t\n\t\t>\n<div class=\"siteorigin-widget-tinymce textwidget\">\n\t<p>Hier findest du eine <a href=\"https:\/\/www.innovadiscs.com\/downloads\/innova-scorecard\/\">Scorecard<\/a> zum Ausdrucken und diese Disc Golf Apps bieten digitale Scorecards und Infos zu Kursen an: <a href=\"https:\/\/udisc.com\/\">UDisc<\/a>, <a href=\"https:\/\/discgolfmetrix.com\/\">Disc Golf Metrix<\/a> und <a href=\"https:\/\/www.pdga.com\/\">PDGA<\/a>; sie sind allerdings kostenpflichtig.<\/p>\n<\/div>\n<\/div><\/div><\/div><\/div><div id=\"pg-88-3\"  class=\"panel-grid panel-no-style\" ><div id=\"pgc-88-3-0\"  class=\"panel-grid-cell\" ><div id=\"panel-88-3-0-0\" class=\"so-panel widget widget_sow-editor panel-first-child panel-last-child\" data-index=\"3\" ><div\n\t\t\t\n\t\t\tclass=\"so-widget-sow-editor so-widget-sow-editor-base\"\n\t\t\t\n\t\t>\n<div class=\"siteorigin-widget-tinymce textwidget\">\n\t<\/p>\n<\/div>\n<\/div><\/div><\/div><\/div><\/div>","protected":false},"excerpt":{"rendered":"<p>&nbsp;Ziel des SpielsMit m\u00f6glichst wenig W\u00fcrfen das Frisbee vom Abwurf in den Korb spielen. Es wird dort weitergespielt, wo das\u2026<\/p>\n<p class=\"continue-reading-button\"> <a class=\"continue-reading-link\" href=\"https:\/\/www.discgolfbern.ch\/index.php\/erste-schritte\/\">weiterlesen<i class=\"crycon-right-dir\"><\/i><\/a><\/p>\n","protected":false},"author":5,"featured_media":0,"parent":0,"menu_order":0,"comment_status":"closed","ping_status":"closed","template":"","meta":{"footnotes":""},"class_list":["post-88","page","type-page","status-publish","hentry"],"_links":{"self":[{"href":"https:\/\/www.discgolfbern.ch\/index.php\/wp-json\/wp\/v2\/pages\/88"}],"collection":[{"href":"https:\/\/www.discgolfbern.ch\/index.php\/wp-json\/wp\/v2\/pages"}],"about":[{"href":"https:\/\/www.discgolfbern.ch\/index.php\/wp-json\/wp\/v2\/types\/page"}],"author":[{"embeddable":true,"href":"https:\/\/www.discgolfbern.ch\/index.php\/wp-json\/wp\/v2\/users\/5"}],"replies":[{"embeddable":true,"href":"https:\/\/www.discgolfbern.ch\/index.php\/wp-json\/wp\/v2\/comments?post=88"}],"version-history":[{"count":50,"href":"https:\/\/www.discgolfbern.ch\/index.php\/wp-json\/wp\/v2\/pages\/88\/revisions"}],"predecessor-version":[{"id":2709,"href":"https:\/\/www.discgolfbern.ch\/index.php\/wp-json\/wp\/v2\/pages\/88\/revisions\/2709"}],"wp:attachment":[{"href":"https:\/\/www.discgolfbern.ch\/index.php\/wp-json\/wp\/v2\/media?parent=88"}],"curies":[{"name":"wp","href":"https:\/\/api.w.org\/{rel}","templated":true}]}}